{"id":2413,"date":"2026-01-24T20:41:26","date_gmt":"2026-01-24T16:41:26","guid":{"rendered":"https:\/\/imdconsultants.com\/about\/"},"modified":"2026-04-06T14:52:13","modified_gmt":"2026-04-06T10:52:13","slug":"about","status":"publish","type":"page","link":"https:\/\/imdconsultants.com\/es\/about\/","title":{"rendered":"About"},"content":{"rendered":"\t\t<div data-elementor-type=\"wp-page\" data-elementor-id=\"2413\" class=\"elementor elementor-2413 elementor-751\" data-elementor-post-type=\"page\">\n\t\t\t\t<div class=\"elementor-element elementor-element-5675cce e-flex e-con-boxed e-con e-parent\" data-id=\"5675cce\" data-element_type=\"container\" data-e-type=\"container\" data-settings=\"{&quot;background_background&quot;:&quot;classic&quot;}\">\n\t\t\t\t\t<div class=\"e-con-inner\">\n\t\t<div class=\"elementor-element elementor-element-404c9d7 e-con-full e-flex e-con e-child\" data-id=\"404c9d7\" data-element_type=\"container\" data-e-type=\"container\" data-settings=\"{&quot;background_background&quot;:&quot;classic&quot;}\">\n\t\t\t\t<\/div>\n\t\t<div class=\"elementor-element elementor-element-714beef e-con-full e-flex e-con e-child\" data-id=\"714beef\" data-element_type=\"container\" data-e-type=\"container\">\n\t\t\t\t<div class=\"elementor-element elementor-element-5773cfa elementor-invisible elementor-widget elementor-widget-heading\" data-id=\"5773cfa\" data-element_type=\"widget\" data-e-type=\"widget\" data-settings=\"{&quot;_animation&quot;:&quot;fadeInDown&quot;}\" data-widget_type=\"heading.default\">\n\t\t\t\t<div class=\"elementor-widget-container\">\n\t\t\t\t\t<h2 class=\"elementor-heading-title elementor-size-default\">Acerca de IMD Consultants<\/h2>\t\t\t\t<\/div>\n\t\t\t\t<\/div>\n\t\t\t\t<div class=\"elementor-element elementor-element-57e718d color-scheme-inherit text-left elementor-invisible elementor-widget elementor-widget-text-editor\" data-id=\"57e718d\" data-element_type=\"widget\" data-e-type=\"widget\" data-settings=\"{&quot;_animation&quot;:&quot;fadeInUp&quot;}\" data-widget_type=\"text-editor.default\">\n\t\t\t\t<div class=\"elementor-widget-container\">\n\t\t\t\t\t\t\t\t\t<p data-start=\"84\" data-end=\"260\">En IMD Consultants, actuamos como asesores de confianza en materia de inmigraci\u00f3n en los Emiratos \u00c1rabes Unidos, as\u00ed como en programas de residencia y ciudadan\u00eda por inversi\u00f3n.<\/p><p data-start=\"262\" data-end=\"467\">Ofrecemos soluciones estrat\u00e9gicas y personalizadas a personas con un elevado patrimonio, empresarios y familias que buscan una mayor movilidad global, v\u00edas de inversi\u00f3n seguras y estabilidad a largo plazo.<\/p><p data-start=\"469\" data-end=\"619\">Nuestro enfoque se basa en la precisi\u00f3n, la discreci\u00f3n y el cumplimiento normativo. Realizamos un an\u00e1lisis exhaustivo de cada cliente en relaci\u00f3n con:<\/p><ul data-start=\"621\" data-end=\"749\"><li data-section-id=\"csz22q\" data-start=\"621\" data-end=\"653\">Sus necesidades individuales<\/li><li data-section-id=\"24650o\" data-start=\"654\" data-end=\"685\">Sus obligaciones normativas<\/li><li data-section-id=\"aglj5e\" data-start=\"686\" data-end=\"749\">Sus objetivos financieros y de estilo de vida a largo plazo<\/li><\/ul><p data-start=\"751\" data-end=\"956\">A partir de esta informaci\u00f3n, dise\u00f1amos y recomendamos las estructuras legales, financieras y operativas m\u00e1s eficientes, garantizando el pleno cumplimiento normativo, la optimizaci\u00f3n y el \u00e9xito sostenible.<\/p>\t\t\t\t\t\t\t\t<\/div>\n\t\t\t\t<\/div>\n\t\t\t\t<\/div>\n\t\t<div class=\"elementor-element elementor-element-a8df458 e-con-full e-flex e-con e-child\" data-id=\"a8df458\" data-element_type=\"container\" data-e-type=\"container\">\n\t\t\t\t<div class=\"elementor-element elementor-element-685b103 elementor-invisible elementor-widget elementor-widget-heading\" data-id=\"685b103\" data-element_type=\"widget\" data-e-type=\"widget\" data-settings=\"{&quot;_animation&quot;:&quot;fadeInDown&quot;}\" data-widget_type=\"heading.default\">\n\t\t\t\t<div class=\"elementor-widget-container\">\n\t\t\t\t\t<h2 class=\"elementor-heading-title elementor-size-default\">Nuestros servicios principales<\/h2>\t\t\t\t<\/div>\n\t\t\t\t<\/div>\n\t\t\t\t<div class=\"elementor-element elementor-element-fb70abe color-scheme-inherit text-left elementor-invisible elementor-widget elementor-widget-text-editor\" data-id=\"fb70abe\" data-element_type=\"widget\" data-e-type=\"widget\" data-settings=\"{&quot;_animation&quot;:&quot;fadeInUp&quot;}\" data-widget_type=\"text-editor.default\">\n\t\t\t\t<div class=\"elementor-widget-container\">\n\t\t\t\t\t\t\t\t\t<p data-start=\"109\" data-end=\"213\">M\u00e1s all\u00e1 del asesoramiento en materia de migraci\u00f3n, IMD Consultants ofrece una amplia gama de servicios:<\/p><ul data-start=\"215\" data-end=\"721\"><li data-section-id=\"8py8aw\" data-start=\"215\" data-end=\"303\">Asesoramiento sobre visados dorados y visa de inversor en los Emiratos \u00c1rabes Unidos<\/li><li data-section-id=\"1mlwx47\" data-start=\"304\" data-end=\"359\">Programas de residencia internacional por inversi\u00f3n<\/li><li data-section-id=\"766adc\" data-start=\"360\" data-end=\"402\">Soluciones de ciudadan\u00eda por inversi\u00f3n<\/li><li data-section-id=\"ws4kdy\" data-start=\"403\" data-end=\"463\">Estudios de mercado exhaustivos y estudios de viabilidad<\/li><li data-section-id=\"1n6ahay\" data-start=\"464\" data-end=\"518\">Estrategias de entrada y penetraci\u00f3n en el mercado<\/li><li data-section-id=\"1n6nf46\" data-start=\"519\" data-end=\"578\">Estructuraci\u00f3n empresarial y constituci\u00f3n de sociedades<\/li><li data-section-id=\"1gi7v01\" data-start=\"579\" data-end=\"645\">Constituci\u00f3n de sociedades en los EAU y tramitaci\u00f3n de visados<\/li><li data-section-id=\"1t4s2k8\" data-start=\"646\" data-end=\"721\">Asistencia integral a lo largo de los procesos de migraci\u00f3n e inversi\u00f3n<\/li><\/ul><p data-start=\"723\" data-end=\"914\">Nuestro enfoque combina experiencia t\u00e9cnica, visi\u00f3n global y atenci\u00f3n personalizada, lo que permite a los clientes recorrer con confianza los complejos caminos de la migraci\u00f3n y la inversi\u00f3n.<\/p><p data-start=\"916\" data-end=\"1077\">En IMD Consultants, creamos soluciones estrat\u00e9gicas que permiten a los clientes expandirse a nivel mundial, invertir con acierto y asegurarse un futuro pr\u00f3spero.<\/p>\t\t\t\t\t\t\t\t<\/div>\n\t\t\t\t<\/div>\n\t\t\t\t<\/div>\n\t\t<div class=\"elementor-element elementor-element-7266711 e-con-full e-flex e-con e-child\" data-id=\"7266711\" data-element_type=\"container\" data-e-type=\"container\" data-settings=\"{&quot;background_background&quot;:&quot;classic&quot;}\">\n\t\t\t\t<\/div>\n\t\t\t\t\t<\/div>\n\t\t\t\t<\/div>\n\t\t<div class=\"elementor-element elementor-element-d39a6d9 e-flex e-con-boxed e-con e-parent\" data-id=\"d39a6d9\" data-element_type=\"container\" data-e-type=\"container\">\n\t\t\t\t\t<div class=\"e-con-inner\">\n\t\t<div class=\"elementor-element elementor-element-004c4c8 e-flex e-con-boxed e-con e-child\" data-id=\"004c4c8\" data-element_type=\"container\" data-e-type=\"container\">\n\t\t\t\t\t<div class=\"e-con-inner\">\n\t\t\t\t<div class=\"elementor-element elementor-element-c8c64d2 elementor-invisible elementor-widget elementor-widget-heading\" data-id=\"c8c64d2\" data-element_type=\"widget\" data-e-type=\"widget\" data-settings=\"{&quot;_animation&quot;:&quot;fadeInDown&quot;}\" data-widget_type=\"heading.default\">\n\t\t\t\t<div class=\"elementor-widget-container\">\n\t\t\t\t\t<h2 class=\"elementor-heading-title elementor-size-default\">\u00bfTe interesa trabajar con nosotros?<\/h2>\t\t\t\t<\/div>\n\t\t\t\t<\/div>\n\t\t\t\t<div class=\"elementor-element elementor-element-f584c69 elementor-button-align-center elementor-widget elementor-widget-form\" data-id=\"f584c69\" data-element_type=\"widget\" data-e-type=\"widget\" data-settings=\"{&quot;step_next_label&quot;:&quot;Next&quot;,&quot;step_previous_label&quot;:&quot;Previous&quot;,&quot;button_width&quot;:&quot;100&quot;,&quot;step_type&quot;:&quot;number_text&quot;,&quot;step_icon_shape&quot;:&quot;circle&quot;}\" data-widget_type=\"form.default\">\n\t\t\t\t<div class=\"elementor-widget-container\">\n\t\t\t\t\t\t\t<form class=\"elementor-form\" method=\"post\" name=\"Team Member Form\" aria-label=\"Team Member Form\">\n\t\t\t<input type=\"hidden\" name=\"post_id\" value=\"2413\"\/>\n\t\t\t<input type=\"hidden\" name=\"form_id\" value=\"f584c69\"\/>\n\t\t\t<input type=\"hidden\" name=\"referer_title\" value=\"IMD CONSULTANTS\" \/>\n\n\t\t\t\n\t\t\t<div class=\"elementor-form-fields-wrapper elementor-labels-above\">\n\t\t\t\t\t\t\t\t<div class=\"elementor-field-type-text elementor-field-group elementor-column elementor-field-group-name elementor-col-100\">\n\t\t\t\t\t\t\t\t\t\t\t\t<label for=\"form-field-name\" class=\"elementor-field-label\">\n\t\t\t\t\t\t\t\tNome\t\t\t\t\t\t\t<\/label>\n\t\t\t\t\t\t\t\t\t\t\t\t\t\t<input size=\"1\" type=\"text\" name=\"form_fields[name]\" id=\"form-field-name\" class=\"elementor-field elementor-size-md  elementor-field-textual\" placeholder=\"Introduza o seu nome\">\n\t\t\t\t\t\t\t\t\t\t\t<\/div>\n\t\t\t\t\t\t\t\t<div class=\"elementor-field-type-email elementor-field-group elementor-column elementor-field-group-email elementor-col-100 elementor-field-required\">\n\t\t\t\t\t\t\t\t\t\t\t\t<label for=\"form-field-email\" class=\"elementor-field-label\">\n\t\t\t\t\t\t\t\tE-mail\t\t\t\t\t\t\t<\/label>\n\t\t\t\t\t\t\t\t\t\t\t\t\t\t<input size=\"1\" type=\"email\" name=\"form_fields[email]\" id=\"form-field-email\" class=\"elementor-field elementor-size-md  elementor-field-textual\" placeholder=\"Introduza o seu e-mail\" required=\"required\">\n\t\t\t\t\t\t\t\t\t\t\t<\/div>\n\t\t\t\t\t\t\t\t<div class=\"elementor-field-type-tel elementor-field-group elementor-column elementor-field-group-field_43c4bb5 elementor-col-100\">\n\t\t\t\t\t\t\t\t\t\t\t\t<label for=\"form-field-field_43c4bb5\" class=\"elementor-field-label\">\n\t\t\t\t\t\t\t\tN\u00famero \t\t\t\t\t\t\t<\/label>\n\t\t\t\t\t\t\t\t<input size=\"1\" type=\"tel\" name=\"form_fields[field_43c4bb5]\" id=\"form-field-field_43c4bb5\" class=\"elementor-field elementor-size-md  elementor-field-textual\" placeholder=\"N\u00famero de telefone\" pattern=\"[0-9()#&amp;+*-=.]+\" title=\"Only numbers and phone characters (#, -, *, etc) are accepted.\">\n\n\t\t\t\t\t\t<\/div>\n\t\t\t\t\t\t\t\t<div class=\"elementor-field-type-text elementor-field-group elementor-column elementor-field-group-field_02a239d elementor-col-100\">\n\t\t\t\t\t\t\t\t\t\t\t\t<label for=\"form-field-field_02a239d\" class=\"elementor-field-label\">\n\t\t\t\t\t\t\t\tPa\u00eds\t\t\t\t\t\t\t<\/label>\n\t\t\t\t\t\t\t\t\t\t\t\t\t\t<input size=\"1\" type=\"text\" name=\"form_fields[field_02a239d]\" id=\"form-field-field_02a239d\" class=\"elementor-field elementor-size-md  elementor-field-textual\" placeholder=\"Selecione o seu pa\u00eds\">\n\t\t\t\t\t\t\t\t\t\t\t<\/div>\n\t\t\t\t\t\t\t\t<div class=\"elementor-field-type-upload elementor-field-group elementor-column elementor-field-group-field_c8d073b elementor-col-100 elementor-field-required\">\n\t\t\t\t\t\t\t\t\t\t\t\t<label for=\"form-field-field_c8d073b\" class=\"elementor-field-label\">\n\t\t\t\t\t\t\t\tEnvie o seu CV\t\t\t\t\t\t\t<\/label>\n\t\t\t\t\t\t\t\t<input type=\"file\" name=\"form_fields[field_c8d073b]\" id=\"form-field-field_c8d073b\" class=\"elementor-field elementor-size-md  elementor-upload-field\" required=\"required\" data-maxsize=\"10\" data-maxsize-message=\"This file exceeds the maximum allowed size.\">\n\n\t\t\t\t\t\t<\/div>\n\t\t\t\t\t\t\t\t<div class=\"elementor-field-group elementor-column elementor-field-type-submit elementor-col-100 e-form__buttons\">\n\t\t\t\t\t<button class=\"elementor-button elementor-size-sm\" type=\"submit\">\n\t\t\t\t\t\t<span class=\"elementor-button-content-wrapper\">\n\t\t\t\t\t\t\t\t\t\t\t\t\t\t\t\t\t\t\t\t\t\t<span class=\"elementor-button-text\">Enviar<\/span>\n\t\t\t\t\t\t\t\t\t\t\t\t\t<\/span>\n\t\t\t\t\t<\/button>\n\t\t\t\t<\/div>\n\t\t\t<\/div>\n\t\t<\/form>\n\t\t\t\t\t\t<\/div>\n\t\t\t\t<\/div>\n\t\t\t\t\t<\/div>\n\t\t\t\t<\/div>\n\t\t\t\t\t<\/div>\n\t\t\t\t<\/div>\n\t\t\t\t<\/div>\n\t\t","protected":false},"excerpt":{"rendered":"<p>Acerca de IMD Consultants En IMD Consultants, actuamos como asesores de confianza en materia de inmigraci\u00f3n en los Emiratos \u00c1rabes<\/p>\n","protected":false},"author":2,"featured_media":0,"parent":0,"menu_order":0,"comment_status":"closed","ping_status":"closed","template":"elementor_header_footer","meta":{"_acf_changed":false,"footnotes":""},"class_list":["post-2413","page","type-page","status-publish","hentry"],"acf":[],"_links":{"self":[{"href":"https:\/\/imdconsultants.com\/es\/wp-json\/wp\/v2\/pages\/2413","targetHints":{"allow":["GET"]}}],"collection":[{"href":"https:\/\/imdconsultants.com\/es\/wp-json\/wp\/v2\/pages"}],"about":[{"href":"https:\/\/imdconsultants.com\/es\/wp-json\/wp\/v2\/types\/page"}],"author":[{"embeddable":true,"href":"https:\/\/imdconsultants.com\/es\/wp-json\/wp\/v2\/users\/2"}],"replies":[{"embeddable":true,"href":"https:\/\/imdconsultants.com\/es\/wp-json\/wp\/v2\/comments?post=2413"}],"version-history":[{"count":24,"href":"https:\/\/imdconsultants.com\/es\/wp-json\/wp\/v2\/pages\/2413\/revisions"}],"predecessor-version":[{"id":3214,"href":"https:\/\/imdconsultants.com\/es\/wp-json\/wp\/v2\/pages\/2413\/revisions\/3214"}],"wp:attachment":[{"href":"https:\/\/imdconsultants.com\/es\/wp-json\/wp\/v2\/media?parent=2413"}],"curies":[{"name":"wp","href":"https:\/\/api.w.org\/{rel}","templated":true}]}}