{"id":3001,"date":"2026-01-24T20:41:26","date_gmt":"2026-01-24T16:41:26","guid":{"rendered":"https:\/\/imdconsultants.com\/about\/"},"modified":"2026-04-06T23:17:58","modified_gmt":"2026-04-06T19:17:58","slug":"about","status":"publish","type":"page","link":"https:\/\/imdconsultants.com\/pt-br\/about\/","title":{"rendered":"About"},"content":{"rendered":"\t\t<div data-elementor-type=\"wp-page\" data-elementor-id=\"3001\" class=\"elementor elementor-3001 elementor-751\" data-elementor-post-type=\"page\">\n\t\t\t\t<div class=\"elementor-element elementor-element-5675cce e-flex e-con-boxed e-con e-parent\" data-id=\"5675cce\" data-element_type=\"container\" data-e-type=\"container\" data-settings=\"{&quot;background_background&quot;:&quot;classic&quot;}\">\n\t\t\t\t\t<div class=\"e-con-inner\">\n\t\t<div class=\"elementor-element elementor-element-404c9d7 e-con-full e-flex e-con e-child\" data-id=\"404c9d7\" data-element_type=\"container\" data-e-type=\"container\" data-settings=\"{&quot;background_background&quot;:&quot;classic&quot;}\">\n\t\t\t\t<\/div>\n\t\t<div class=\"elementor-element elementor-element-714beef e-con-full e-flex e-con e-child\" data-id=\"714beef\" data-element_type=\"container\" data-e-type=\"container\">\n\t\t\t\t<div class=\"elementor-element elementor-element-5773cfa elementor-invisible elementor-widget elementor-widget-heading\" data-id=\"5773cfa\" data-element_type=\"widget\" data-e-type=\"widget\" data-settings=\"{&quot;_animation&quot;:&quot;fadeInDown&quot;}\" data-widget_type=\"heading.default\">\n\t\t\t\t<div class=\"elementor-widget-container\">\n\t\t\t\t\t<h2 class=\"elementor-heading-title elementor-size-default\">Sobre a IMD Consultants<\/h2>\t\t\t\t<\/div>\n\t\t\t\t<\/div>\n\t\t\t\t<div class=\"elementor-element elementor-element-57e718d color-scheme-inherit text-left elementor-invisible elementor-widget elementor-widget-text-editor\" data-id=\"57e718d\" data-element_type=\"widget\" data-e-type=\"widget\" data-settings=\"{&quot;_animation&quot;:&quot;fadeInUp&quot;}\" data-widget_type=\"text-editor.default\">\n\t\t\t\t<div class=\"elementor-widget-container\">\n\t\t\t\t\t\t\t\t\t<p data-start=\"101\" data-end=\"270\">Na IMD Consultants, atuamos como consultores de confian\u00e7a em programas de imigra\u00e7\u00e3o, resid\u00eancia por investimento e cidadania por investimento nos Emirados \u00c1rabes Unidos.<\/p><p data-start=\"272\" data-end=\"482\">Oferecemos solu\u00e7\u00f5es estrat\u00e9gicas e personalizadas para indiv\u00edduos de alto patrim\u00f4nio, empreendedores e fam\u00edlias que buscam maior mobilidade global, caminhos de investimento seguros e estabilidade a longo prazo.<\/p><p data-start=\"484\" data-end=\"613\">Nossa abordagem se baseia em precis\u00e3o, discri\u00e7\u00e3o e conformidade. Realizamos uma an\u00e1lise abrangente de cada cliente, considerando:<\/p><ul data-start=\"615\" data-end=\"729\"><li data-section-id=\"15hlixr\" data-start=\"615\" data-end=\"641\">Requisitos individuais<\/li><li data-section-id=\"1k0zdoa\" data-start=\"642\" data-end=\"669\">Obriga\u00e7\u00f5es regulat\u00f3rias<\/li><li data-section-id=\"g24obb\" data-start=\"670\" data-end=\"729\">Objetivos financeiros e de estilo de vida a longo prazo<\/li><\/ul><p data-start=\"731\" data-end=\"916\" data-is-last-node=\"\" data-is-only-node=\"\">Com base nessas informa\u00e7\u00f5es, elaboramos e recomendamos as estruturas legais, financeiras e operacionais mais eficientes, garantindo total conformidade, otimiza\u00e7\u00e3o e sucesso sustent\u00e1vel.<\/p>\t\t\t\t\t\t\t\t<\/div>\n\t\t\t\t<\/div>\n\t\t\t\t<\/div>\n\t\t<div class=\"elementor-element elementor-element-a8df458 e-con-full e-flex e-con e-child\" data-id=\"a8df458\" data-element_type=\"container\" data-e-type=\"container\">\n\t\t\t\t<div class=\"elementor-element elementor-element-685b103 elementor-invisible elementor-widget elementor-widget-heading\" data-id=\"685b103\" data-element_type=\"widget\" data-e-type=\"widget\" data-settings=\"{&quot;_animation&quot;:&quot;fadeInDown&quot;}\" data-widget_type=\"heading.default\">\n\t\t\t\t<div class=\"elementor-widget-container\">\n\t\t\t\t\t<h2 class=\"elementor-heading-title elementor-size-default\">Nossos principais servi\u00e7os<\/h2>\t\t\t\t<\/div>\n\t\t\t\t<\/div>\n\t\t\t\t<div class=\"elementor-element elementor-element-fb70abe color-scheme-inherit text-left elementor-invisible elementor-widget elementor-widget-text-editor\" data-id=\"fb70abe\" data-element_type=\"widget\" data-e-type=\"widget\" data-settings=\"{&quot;_animation&quot;:&quot;fadeInUp&quot;}\" data-widget_type=\"text-editor.default\">\n\t\t\t\t<div class=\"elementor-widget-container\">\n\t\t\t\t\t\t\t\t\t<p data-start=\"89\" data-end=\"182\">Al\u00e9m da assessoria em imigra\u00e7\u00e3o, a IMD Consultants oferece um portf\u00f3lio completo de servi\u00e7os:<\/p><ul data-start=\"184\" data-end=\"687\"><li data-section-id=\"nnktk3\" data-start=\"184\" data-end=\"266\">Assessoria sobre vistos Gold e vistos de investidor nos Emirados \u00c1rabes Unidos<\/li><li data-section-id=\"iz81ny\" data-start=\"267\" data-end=\"325\">Programas de Resid\u00eancia Internacional por Investimento<\/li><li data-section-id=\"1vg46oe\" data-start=\"326\" data-end=\"368\">Solu\u00e7\u00f5es de Cidadania por Investimento<\/li><li data-section-id=\"134zbfx\" data-start=\"369\" data-end=\"431\">Pesquisas de mercado aprofundadas e estudos de viabilidade<\/li><li data-section-id=\"8dvrlh\" data-start=\"432\" data-end=\"482\">Estrat\u00e9gias de entrada e penetra\u00e7\u00e3o no mercado<\/li><li data-section-id=\"11vd6u1\" data-start=\"483\" data-end=\"538\">Estrutura\u00e7\u00e3o de neg\u00f3cios e constitui\u00e7\u00e3o de empresas<\/li><li data-section-id=\"3kxo4i\" data-start=\"539\" data-end=\"616\">Abertura de empresas nos Emirados \u00c1rabes Unidos e processamento de vistos<\/li><li data-section-id=\"1bhqs19\" data-start=\"617\" data-end=\"687\">Suporte integral em todos os processos de imigra\u00e7\u00e3o e investimento<\/li><\/ul><p data-start=\"689\" data-end=\"879\">Nossa abordagem combina conhecimento t\u00e9cnico, vis\u00e3o global e aten\u00e7\u00e3o personalizada, permitindo que os clientes naveguem com confian\u00e7a pelos complexos caminhos da imigra\u00e7\u00e3o e do investimento.<\/p><p data-start=\"881\" data-end=\"1034\" data-is-last-node=\"\" data-is-only-node=\"\">Na IMD Consultants, criamos solu\u00e7\u00f5es estrat\u00e9gicas que capacitam os clientes a expandir globalmente, investir com sabedoria e garantir um futuro pr\u00f3spero.<\/p>\t\t\t\t\t\t\t\t<\/div>\n\t\t\t\t<\/div>\n\t\t\t\t<\/div>\n\t\t<div class=\"elementor-element elementor-element-7266711 e-con-full e-flex e-con e-child\" data-id=\"7266711\" data-element_type=\"container\" data-e-type=\"container\" data-settings=\"{&quot;background_background&quot;:&quot;classic&quot;}\">\n\t\t\t\t<\/div>\n\t\t\t\t\t<\/div>\n\t\t\t\t<\/div>\n\t\t<div class=\"elementor-element elementor-element-606dab5 e-flex e-con-boxed e-con e-parent\" data-id=\"606dab5\" data-element_type=\"container\" data-e-type=\"container\">\n\t\t\t\t\t<div class=\"e-con-inner\">\n\t\t<div class=\"elementor-element elementor-element-9684b08 e-flex e-con-boxed e-con e-child\" data-id=\"9684b08\" data-element_type=\"container\" data-e-type=\"container\">\n\t\t\t\t\t<div class=\"e-con-inner\">\n\t\t\t\t<div class=\"elementor-element elementor-element-9be62bd elementor-invisible elementor-widget elementor-widget-heading\" data-id=\"9be62bd\" data-element_type=\"widget\" data-e-type=\"widget\" data-settings=\"{&quot;_animation&quot;:&quot;fadeInDown&quot;}\" data-widget_type=\"heading.default\">\n\t\t\t\t<div class=\"elementor-widget-container\">\n\t\t\t\t\t<h2 class=\"elementor-heading-title elementor-size-default\">Interessado em trabalhar conosco?<\/h2>\t\t\t\t<\/div>\n\t\t\t\t<\/div>\n\t\t\t\t<div class=\"elementor-element elementor-element-5359344 elementor-button-align-center elementor-widget elementor-widget-form\" data-id=\"5359344\" data-element_type=\"widget\" data-e-type=\"widget\" data-settings=\"{&quot;step_next_label&quot;:&quot;Next&quot;,&quot;step_previous_label&quot;:&quot;Previous&quot;,&quot;button_width&quot;:&quot;100&quot;,&quot;step_type&quot;:&quot;number_text&quot;,&quot;step_icon_shape&quot;:&quot;circle&quot;}\" data-widget_type=\"form.default\">\n\t\t\t\t<div class=\"elementor-widget-container\">\n\t\t\t\t\t\t\t<form class=\"elementor-form\" method=\"post\" name=\"Team Member Form\" aria-label=\"Team Member Form\">\n\t\t\t<input type=\"hidden\" name=\"post_id\" value=\"3001\"\/>\n\t\t\t<input type=\"hidden\" name=\"form_id\" value=\"5359344\"\/>\n\t\t\t<input type=\"hidden\" name=\"referer_title\" value=\"AboutIMD CONSULTANTS\" \/>\n\n\t\t\t\t\t\t\t<input type=\"hidden\" name=\"queried_id\" value=\"3001\"\/>\n\t\t\t\n\t\t\t<div class=\"elementor-form-fields-wrapper elementor-labels-above\">\n\t\t\t\t\t\t\t\t<div class=\"elementor-field-type-text elementor-field-group elementor-column elementor-field-group-name elementor-col-100\">\n\t\t\t\t\t\t\t\t\t\t\t\t<label for=\"form-field-name\" class=\"elementor-field-label\">\n\t\t\t\t\t\t\t\tNome\t\t\t\t\t\t\t<\/label>\n\t\t\t\t\t\t\t\t\t\t\t\t\t\t<input size=\"1\" type=\"text\" name=\"form_fields[name]\" id=\"form-field-name\" class=\"elementor-field elementor-size-md  elementor-field-textual\" placeholder=\"Digite seu nome\">\n\t\t\t\t\t\t\t\t\t\t\t<\/div>\n\t\t\t\t\t\t\t\t<div class=\"elementor-field-type-email elementor-field-group elementor-column elementor-field-group-email elementor-col-100 elementor-field-required\">\n\t\t\t\t\t\t\t\t\t\t\t\t<label for=\"form-field-email\" class=\"elementor-field-label\">\n\t\t\t\t\t\t\t\tEmail\t\t\t\t\t\t\t<\/label>\n\t\t\t\t\t\t\t\t\t\t\t\t\t\t<input size=\"1\" type=\"email\" name=\"form_fields[email]\" id=\"form-field-email\" class=\"elementor-field elementor-size-md  elementor-field-textual\" placeholder=\"Digite seu e-mail\" required=\"required\">\n\t\t\t\t\t\t\t\t\t\t\t<\/div>\n\t\t\t\t\t\t\t\t<div class=\"elementor-field-type-tel elementor-field-group elementor-column elementor-field-group-field_43c4bb5 elementor-col-100\">\n\t\t\t\t\t\t\t\t\t\t\t\t<label for=\"form-field-field_43c4bb5\" class=\"elementor-field-label\">\n\t\t\t\t\t\t\t\tTelefone\t\t\t\t\t\t\t<\/label>\n\t\t\t\t\t\t\t\t<input size=\"1\" type=\"tel\" name=\"form_fields[field_43c4bb5]\" id=\"form-field-field_43c4bb5\" class=\"elementor-field elementor-size-md  elementor-field-textual\" placeholder=\"Digite seu n\u00famero de telefone\" pattern=\"[0-9()#&amp;+*-=.]+\" title=\"Only numbers and phone characters (#, -, *, etc) are accepted.\">\n\n\t\t\t\t\t\t<\/div>\n\t\t\t\t\t\t\t\t<div class=\"elementor-field-type-text elementor-field-group elementor-column elementor-field-group-field_02a239d elementor-col-100\">\n\t\t\t\t\t\t\t\t\t\t\t\t<label for=\"form-field-field_02a239d\" class=\"elementor-field-label\">\n\t\t\t\t\t\t\t\tPa\u00eds\t\t\t\t\t\t\t<\/label>\n\t\t\t\t\t\t\t\t\t\t\t\t\t\t<input size=\"1\" type=\"text\" name=\"form_fields[field_02a239d]\" id=\"form-field-field_02a239d\" class=\"elementor-field elementor-size-md  elementor-field-textual\" placeholder=\"Digite seu pa\u00eds\">\n\t\t\t\t\t\t\t\t\t\t\t<\/div>\n\t\t\t\t\t\t\t\t<div class=\"elementor-field-type-upload elementor-field-group elementor-column elementor-field-group-field_c8d073b elementor-col-100 elementor-field-required\">\n\t\t\t\t\t\t\t\t\t\t\t\t<label for=\"form-field-field_c8d073b\" class=\"elementor-field-label\">\n\t\t\t\t\t\t\t\tInsira seu curr\u00edculo\t\t\t\t\t\t\t<\/label>\n\t\t\t\t\t\t\t\t<input type=\"file\" name=\"form_fields[field_c8d073b]\" id=\"form-field-field_c8d073b\" class=\"elementor-field elementor-size-md  elementor-upload-field\" required=\"required\" data-maxsize=\"10\" data-maxsize-message=\"This file exceeds the maximum allowed size.\">\n\n\t\t\t\t\t\t<\/div>\n\t\t\t\t\t\t\t\t<div class=\"elementor-field-group elementor-column elementor-field-type-submit elementor-col-100 e-form__buttons\">\n\t\t\t\t\t<button class=\"elementor-button elementor-size-sm\" type=\"submit\">\n\t\t\t\t\t\t<span class=\"elementor-button-content-wrapper\">\n\t\t\t\t\t\t\t\t\t\t\t\t\t\t\t\t\t\t\t\t\t\t<span class=\"elementor-button-text\">Enviar<\/span>\n\t\t\t\t\t\t\t\t\t\t\t\t\t<\/span>\n\t\t\t\t\t<\/button>\n\t\t\t\t<\/div>\n\t\t\t<\/div>\n\t\t<\/form>\n\t\t\t\t\t\t<\/div>\n\t\t\t\t<\/div>\n\t\t\t\t\t<\/div>\n\t\t\t\t<\/div>\n\t\t\t\t\t<\/div>\n\t\t\t\t<\/div>\n\t\t\t\t<\/div>\n\t\t","protected":false},"excerpt":{"rendered":"<p>Sobre a IMD Consultants Na IMD Consultants, atuamos como consultores de confian\u00e7a em programas de imigra\u00e7\u00e3o, resid\u00eancia por investimento e<\/p>\n","protected":false},"author":2,"featured_media":0,"parent":0,"menu_order":0,"comment_status":"closed","ping_status":"closed","template":"elementor_header_footer","meta":{"_acf_changed":false,"footnotes":""},"class_list":["post-3001","page","type-page","status-publish","hentry"],"acf":[],"_links":{"self":[{"href":"https:\/\/imdconsultants.com\/pt-br\/wp-json\/wp\/v2\/pages\/3001","targetHints":{"allow":["GET"]}}],"collection":[{"href":"https:\/\/imdconsultants.com\/pt-br\/wp-json\/wp\/v2\/pages"}],"about":[{"href":"https:\/\/imdconsultants.com\/pt-br\/wp-json\/wp\/v2\/types\/page"}],"author":[{"embeddable":true,"href":"https:\/\/imdconsultants.com\/pt-br\/wp-json\/wp\/v2\/users\/2"}],"replies":[{"embeddable":true,"href":"https:\/\/imdconsultants.com\/pt-br\/wp-json\/wp\/v2\/comments?post=3001"}],"version-history":[{"count":12,"href":"https:\/\/imdconsultants.com\/pt-br\/wp-json\/wp\/v2\/pages\/3001\/revisions"}],"predecessor-version":[{"id":3334,"href":"https:\/\/imdconsultants.com\/pt-br\/wp-json\/wp\/v2\/pages\/3001\/revisions\/3334"}],"wp:attachment":[{"href":"https:\/\/imdconsultants.com\/pt-br\/wp-json\/wp\/v2\/media?parent=3001"}],"curies":[{"name":"wp","href":"https:\/\/api.w.org\/{rel}","templated":true}]}}