{"id":3008,"date":"2026-01-24T20:40:46","date_gmt":"2026-01-24T16:40:46","guid":{"rendered":"https:\/\/imdconsultants.com\/privacy-policy\/"},"modified":"2026-04-05T04:46:06","modified_gmt":"2026-04-05T00:46:06","slug":"privacy-policy","status":"publish","type":"page","link":"https:\/\/imdconsultants.com\/pt-br\/privacy-policy\/","title":{"rendered":"Privacy Policy"},"content":{"rendered":"\t\t<div data-elementor-type=\"wp-page\" data-elementor-id=\"3008\" class=\"elementor elementor-3008 elementor-518\" data-elementor-post-type=\"page\">\n\t\t\t\t<div class=\"elementor-element elementor-element-81e1320 e-flex e-con-boxed e-con e-parent\" data-id=\"81e1320\" data-element_type=\"container\" data-e-type=\"container\">\n\t\t\t\t\t<div class=\"e-con-inner\">\n\t\t<div class=\"elementor-element elementor-element-5453076 e-con-full e-flex e-con e-child\" data-id=\"5453076\" data-element_type=\"container\" data-e-type=\"container\">\n\t\t\t\t<div class=\"elementor-element elementor-element-b35fa56 color-scheme-inherit text-left elementor-widget elementor-widget-text-editor\" data-id=\"b35fa56\" data-element_type=\"widget\" data-e-type=\"widget\" data-widget_type=\"text-editor.default\">\n\t\t\t\t<div class=\"elementor-widget-container\">\n\t\t\t\t\t\t\t\t\t<h1 data-section-id=\"dkqyqc\" data-start=\"93\" data-end=\"122\"><span role=\"text\"><strong data-start=\"95\" data-end=\"122\">POL\u00cdTICA DE PRIVACIDADE<\/strong><\/span><\/h1>\n<p data-start=\"124\" data-end=\"302\">A IMD CONSULTANTS (doravante denominada \u201cIMD\u201d, \u201cn\u00f3s\u201d, \u201cnosso\u201d ou \u201cnossos\u201d) est\u00e1 comprometida em proteger a privacidade dos visitantes e usu\u00e1rios de nosso site e aplicativo m\u00f3vel.<\/p>\n<p data-start=\"304\" data-end=\"403\">Esta Pol\u00edtica de Privacidade explica como coletamos, usamos e protegemos suas informa\u00e7\u00f5es pessoais.<\/p>\n<p data-start=\"405\" data-end=\"452\"><strong data-start=\"405\" data-end=\"428\">\u00daltima atualiza\u00e7\u00e3o:<\/strong> 14 de fevereiro de 2026<\/p>\n<p data-start=\"454\" data-end=\"634\">Ao usar nosso site, aplicativo m\u00f3vel ou concordar com esta pol\u00edtica, voc\u00ea consente com a coleta e o processamento de seus dados pessoais de acordo com os termos aqui estabelecidos.<\/p>\n<hr data-start=\"636\" data-end=\"639\" \/>\n<h2 data-section-id=\"1duughm\" data-start=\"641\" data-end=\"672\"><span role=\"text\"><strong data-start=\"644\" data-end=\"672\">1. Coleta e Uso de Dados<\/strong><\/span><\/h2>\n<p data-start=\"674\" data-end=\"753\">Ao se cadastrar em nosso aplicativo m\u00f3vel, coletamos informa\u00e7\u00f5es pessoais como:<\/p>\n<ul data-start=\"755\" data-end=\"820\">\n<li data-section-id=\"1t1go2p\" data-start=\"755\" data-end=\"763\">Nome<\/li>\n<li data-section-id=\"9jh999\" data-start=\"764\" data-end=\"786\">Endere\u00e7o de e-mail<\/li>\n<li data-section-id=\"veh0cq\" data-start=\"787\" data-end=\"820\">N\u00famero de telefone (opcional)<\/li>\n<\/ul>\n<p data-start=\"822\" data-end=\"878\">Essas informa\u00e7\u00f5es s\u00e3o essenciais para os seguintes fins:<\/p>\n<h3 data-section-id=\"zabek\" data-start=\"880\" data-end=\"899\"><span role=\"text\"><strong data-start=\"884\" data-end=\"899\">Comunica\u00e7\u00e3o<\/strong><\/span><\/h3>\n<p data-start=\"900\" data-end=\"1045\">Seu n\u00famero de telefone nos permite enviar atualiza\u00e7\u00f5es importantes, boletins informativos e outras comunica\u00e7\u00f5es relacionadas aos nossos servi\u00e7os.<\/p>\n<h3 data-section-id=\"1k8zx5p\" data-start=\"1047\" data-end=\"1077\"><span role=\"text\"><strong data-start=\"1051\" data-end=\"1077\">Gerenciamento de conta<\/strong><\/span><\/h3>\n<p data-start=\"1078\" data-end=\"1229\">Para usu\u00e1rios cadastrados, seu n\u00famero de telefone serve como um identificador exclusivo, ajudando-nos a gerenciar sua conta com seguran\u00e7a e efici\u00eancia.<\/p>\n<h3 data-section-id=\"1w02moe\" data-start=\"1231\" data-end=\"1257\"><span role=\"text\"><strong data-start=\"1235\" data-end=\"1257\">Suporte ao Cliente<\/strong><\/span><\/h3>\n<p data-start=\"1258\" data-end=\"1403\">Ter seu n\u00famero de telefone nos permite fornecer assist\u00eancia oportuna e resolver quaisquer problemas que voc\u00ea possa encontrar com nossos servi\u00e7os.<\/p>\n<p data-start=\"1405\" data-end=\"1511\">Estamos comprometidos em proteger sua privacidade e tratar suas informa\u00e7\u00f5es pessoais com responsabilidade.<\/p>\n<hr data-start=\"1513\" data-end=\"1516\" \/>\n<h2 data-section-id=\"1q189qi\" data-start=\"1518\" data-end=\"1574\"><span role=\"text\"><strong data-start=\"1521\" data-end=\"1574\">2. Coleta e Armazenamento de Informa\u00e7\u00f5es Pessoais<\/strong><\/span><\/h2>\n<p data-start=\"1576\" data-end=\"1653\">Podemos coletar, armazenar e usar os seguintes tipos de informa\u00e7\u00f5es pessoais:<\/p>\n<h3 data-section-id=\"1nfso94\" data-start=\"1655\" data-end=\"1706\"><span role=\"text\"><strong data-start=\"1659\" data-end=\"1706\">2.1 Dados de Uso do Site e Aplicativo M\u00f3vel<\/strong><\/span><\/h3>\n<ul data-start=\"1707\" data-end=\"1904\">\n<li data-section-id=\"rqjy1w\" data-start=\"1707\" data-end=\"1722\">Endere\u00e7o IP<\/li>\n<li data-section-id=\"1xuc2ko\" data-start=\"1723\" data-end=\"1749\">Localiza\u00e7\u00e3o geogr\u00e1fica<\/li>\n<li data-section-id=\"zprsxl\" data-start=\"1750\" data-end=\"1780\">Tipo e vers\u00e3o do navegador<\/li>\n<li data-section-id=\"yqxour\" data-start=\"1781\" data-end=\"1804\">Sistema operacional<\/li>\n<li data-section-id=\"hq8vyu\" data-start=\"1805\" data-end=\"1828\">Fonte de refer\u00eancia<\/li>\n<li data-section-id=\"1tbc28u\" data-start=\"1829\" data-end=\"1850\">Dura\u00e7\u00e3o da sess\u00e3o<\/li>\n<li data-section-id=\"39062j\" data-start=\"1851\" data-end=\"1878\">Visualiza\u00e7\u00f5es de p\u00e1gina<\/li>\n<li data-section-id=\"140a7lw\" data-start=\"1879\" data-end=\"1904\">Caminhos de navega\u00e7\u00e3o<\/li>\n<\/ul>\n<h3 data-section-id=\"1nsmx07\" data-start=\"1906\" data-end=\"1935\"><span role=\"text\"><strong data-start=\"1910\" data-end=\"1935\">2.2 Dados de Registro<\/strong><\/span><\/h3>\n<ul data-start=\"1936\" data-end=\"1990\">\n<li data-section-id=\"1t1go2p\" data-start=\"1936\" data-end=\"1944\">Nome<\/li>\n<li data-section-id=\"9jh999\" data-start=\"1945\" data-end=\"1967\">Endere\u00e7o de e-mail<\/li>\n<li data-section-id=\"mnzehe\" data-start=\"1968\" data-end=\"1990\">N\u00famero de telefone<\/li>\n<\/ul>\n<h3 data-section-id=\"1ep5jpl\" data-start=\"1992\" data-end=\"2029\"><span role=\"text\"><strong data-start=\"1996\" data-end=\"2029\">2.3 Informa\u00e7\u00f5es de Assinatura<\/strong><\/span><\/h3>\n<ul data-start=\"2030\" data-end=\"2061\">\n<li data-section-id=\"1t1go2p\" data-start=\"2030\" data-end=\"2038\">Nome<\/li>\n<li data-section-id=\"9jh999\" data-start=\"2039\" data-end=\"2061\">Endere\u00e7o de e-mail<\/li>\n<\/ul>\n<h3 data-section-id=\"16sja81\" data-start=\"2063\" data-end=\"2107\"><span role=\"text\"><strong data-start=\"2067\" data-end=\"2107\">2.4 Dados de Intera\u00e7\u00e3o com o Servi\u00e7o<\/strong><\/span><\/h3>\n<p data-start=\"2108\" data-end=\"2233\">Informa\u00e7\u00f5es fornecidas ao interagir com nossos servi\u00e7os ou ao se inscrever para receber atualiza\u00e7\u00f5es e boletins informativos.<\/p>\n<h3 data-section-id=\"1g8pap5\" data-start=\"2235\" data-end=\"2267\"><span role=\"text\"><strong data-start=\"2239\" data-end=\"2267\">2.5 Dados de Comunica\u00e7\u00e3o<\/strong><\/span><\/h3>\n<p data-start=\"2268\" data-end=\"2327\">Conte\u00fado e metadados das comunica\u00e7\u00f5es enviadas por meio de:<\/p>\n<ul data-start=\"2328\" data-end=\"2402\">\n<li data-section-id=\"1ctesx8\" data-start=\"2328\" data-end=\"2354\">Formul\u00e1rios de contato<\/li>\n<li data-section-id=\"155wb0e\" data-start=\"2355\" data-end=\"2371\">Chat ao vivo<\/li>\n<li data-section-id=\"zjhp5c\" data-start=\"2372\" data-end=\"2402\">Outros canais de intera\u00e7\u00e3o<\/li>\n<\/ul>\n<h3 data-section-id=\"18zmbub\" data-start=\"2404\" data-end=\"2459\"><span role=\"text\"><strong data-start=\"2408\" data-end=\"2459\">2.6 Informa\u00e7\u00f5es Espec\u00edficas do Aplicativo M\u00f3vel<\/strong><\/span><\/h3>\n<p data-start=\"2460\" data-end=\"2499\">Acesso a recursos do dispositivo, como:<\/p>\n<ul data-start=\"2500\" data-end=\"2539\">\n<li data-section-id=\"5qyhzm\" data-start=\"2500\" data-end=\"2510\">C\u00e2mera<\/li>\n<li data-section-id=\"2mx1dj\" data-start=\"2511\" data-end=\"2523\">Contatos<\/li>\n<li data-section-id=\"1m03ezg\" data-start=\"2524\" data-end=\"2539\">Localiza\u00e7\u00e3o<\/li>\n<\/ul>\n<p data-start=\"2541\" data-end=\"2613\">As permiss\u00f5es ser\u00e3o sempre solicitadas explicitamente quando necess\u00e1rio.<\/p>\n<h3 data-section-id=\"aomu9j\" data-start=\"2615\" data-end=\"2645\"><span role=\"text\"><strong data-start=\"2619\" data-end=\"2645\">2.7 Outras Informa\u00e7\u00f5es<\/strong><\/span><\/h3>\n<p data-start=\"2646\" data-end=\"2728\">Quaisquer informa\u00e7\u00f5es pessoais adicionais que voc\u00ea optar por compartilhar conosco.<\/p>\n<p data-start=\"2730\" data-end=\"2910\"><strong data-start=\"2730\" data-end=\"2745\">Observa\u00e7\u00e3o:<\/strong><br data-start=\"2745\" data-end=\"2748\" \/>Antes de divulgar informa\u00e7\u00f5es pessoais de outra pessoa, certifique-se de ter o consentimento dela para a divulga\u00e7\u00e3o e o processamento de acordo com esta pol\u00edtica.<\/p>\n<hr data-start=\"2912\" data-end=\"2915\" \/>\n<h2 data-section-id=\"1a3oyvl\" data-start=\"2917\" data-end=\"2959\"><span role=\"text\"><strong data-start=\"2920\" data-end=\"2959\">3. Uso de Suas Informa\u00e7\u00f5es Pessoais<\/strong><\/span><\/h2>\n<p data-start=\"2961\" data-end=\"3077\">As informa\u00e7\u00f5es pessoais coletadas por meio de nosso site e aplicativo m\u00f3vel podem ser usadas para os seguintes fins:<\/p>\n<ul data-start=\"3079\" data-end=\"3268\">\n<li data-section-id=\"1yq4or6\" data-start=\"3079\" data-end=\"3124\">Administrar nossas plataformas e servi\u00e7os<\/li>\n<li data-section-id=\"13njki3\" data-start=\"3125\" data-end=\"3157\">Personalizar sua experi\u00eancia<\/li>\n<li data-section-id=\"m38jhr\" data-start=\"3158\" data-end=\"3227\">Enviar notifica\u00e7\u00f5es por e-mail, lembretes e boletins informativos<\/li>\n<li data-section-id=\"1m3p9w9\" data-start=\"3228\" data-end=\"3268\">Responder a perguntas ou reclama\u00e7\u00f5es<\/li>\n<\/ul>\n<hr data-start=\"3270\" data-end=\"3273\" \/>\n<h2 data-section-id=\"1c0k4ox\" data-start=\"3275\" data-end=\"3314\"><span role=\"text\"><strong data-start=\"3278\" data-end=\"3314\">4. Servi\u00e7os e Sites de Terceiros<\/strong><\/span><\/h2>\n<p data-start=\"3316\" data-end=\"3375\">Nosso site pode incluir hiperlinks para sites de terceiros.<\/p>\n<p data-start=\"3377\" data-end=\"3497\">N\u00e3o temos controle sobre as pol\u00edticas e pr\u00e1ticas de privacidade de sites de terceiros e n\u00e3o somos respons\u00e1veis por elas.<\/p>\n<p data-start=\"3499\" data-end=\"3595\">Recomendamos fortemente que voc\u00ea revise a pol\u00edtica de privacidade de todos os sites que visitar.<\/p>\n<hr data-start=\"3597\" data-end=\"3600\" \/>\n<h2 data-section-id=\"4el9cj\" data-start=\"3602\" data-end=\"3649\"><span role=\"text\"><strong data-start=\"3605\" data-end=\"3649\">5. Cookies e Rastreamento de Aplicativos<\/strong><\/span><\/h2>\n<p data-start=\"3651\" data-end=\"3713\">Nosso site usa cookies para melhorar a experi\u00eancia do usu\u00e1rio.<\/p>\n<p data-start=\"3715\" data-end=\"3965\">Um cookie \u00e9 um arquivo que cont\u00e9m um identificador (uma sequ\u00eancia de letras e n\u00fameros) enviado por um servidor web para o seu navegador e armazenado por ele. O identificador \u00e9 enviado de volta ao servidor sempre que seu navegador solicita uma p\u00e1gina.<\/p>\n<p data-start=\"3967\" data-end=\"3991\">Os cookies nos ajudam a:<\/p>\n<ul data-start=\"3993\" data-end=\"4104\">\n<li data-section-id=\"1s8b36l\" data-start=\"3993\" data-end=\"4030\">Melhorar a funcionalidade do site<\/li>\n<li data-section-id=\"15skgyt\" data-start=\"4031\" data-end=\"4070\">Analisar o comportamento do usu\u00e1rio<\/li>\n<li data-section-id=\"13utrq9\" data-start=\"4071\" data-end=\"4104\">Aprimorar a experi\u00eancia geral<\/li>\n<\/ul>\n<hr data-start=\"4106\" data-end=\"4109\" \/>\n<h2 data-section-id=\"99cn4w\" data-start=\"4111\" data-end=\"4148\"><span role=\"text\"><strong data-start=\"4114\" data-end=\"4148\">6. Atualiza\u00e7\u00f5es desta Pol\u00edtica<\/strong><\/span><\/h2>\n<p data-start=\"4150\" data-end=\"4269\">Esta Pol\u00edtica de Privacidade pode ser atualizada periodicamente para refletir mudan\u00e7as nas pr\u00e1ticas ou regulamenta\u00e7\u00f5es.<\/p>\n<p data-start=\"4271\" data-end=\"4389\">As revis\u00f5es ser\u00e3o publicadas em nosso site e aplicativo m\u00f3vel, juntamente com uma data atualizada de \u201c\u00daltima Revis\u00e3o\u201d.<\/p>\n<p data-start=\"4391\" data-end=\"4453\">Incentivamos os usu\u00e1rios a revisar esta pol\u00edtica regularmente.<\/p>\n<hr data-start=\"4455\" data-end=\"4458\" \/>\n<h2 data-section-id=\"1y8qfmt\" data-start=\"4460\" data-end=\"4498\"><span role=\"text\"><strong data-start=\"4463\" data-end=\"4498\">7. Isen\u00e7\u00f5es de Responsabilidade<\/strong><\/span><\/h2>\n<p data-start=\"4500\" data-end=\"4733\">As informa\u00e7\u00f5es fornecidas neste site s\u00e3o apenas para fins informativos gerais. Embora nos esforcemos para manter o conte\u00fado atualizado, n\u00e3o garantimos a precis\u00e3o, confiabilidade ou disponibilidade dos produtos e servi\u00e7os mencionados.<\/p>\n<p data-start=\"4735\" data-end=\"4967\">Nosso site pode conter links para sites de terceiros. A IMD CONSULTANTS n\u00e3o tem controle sobre o conte\u00fado, as pol\u00edticas de privacidade ou as pr\u00e1ticas de sites ou servi\u00e7os de terceiros e n\u00e3o assume qualquer responsabilidade por eles.<\/p>\n<p data-start=\"4969\" data-end=\"5158\">Os nomes de empresas, institui\u00e7\u00f5es e centros comerciais mencionados neste site s\u00e3o usados apenas para fins de identifica\u00e7\u00e3o e podem ser marcas registradas de seus respectivos propriet\u00e1rios.<\/p>\n<hr data-start=\"5160\" data-end=\"5163\" \/>\n<h2 data-section-id=\"4rkiby\" data-start=\"5165\" data-end=\"5192\"><span role=\"text\"><strong data-start=\"5168\" data-end=\"5192\">8. Direitos Autorais<\/strong><\/span><\/h2>\n<p data-start=\"5194\" data-end=\"5346\">A reprodu\u00e7\u00e3o total ou parcial de qualquer conte\u00fado deste site, em qualquer formato, sem nossa expressa autoriza\u00e7\u00e3o por escrito, \u00e9 estritamente proibida.<\/p>\t\t\t\t\t\t\t\t<\/div>\n\t\t\t\t<\/div>\n\t\t\t\t<\/div>\n\t\t\t\t\t<\/div>\n\t\t\t\t<\/div>\n\t\t\t\t<\/div>\n\t\t","protected":false},"excerpt":{"rendered":"<p>POL\u00cdTICA DE PRIVACIDADE A IMD CONSULTANTS (doravante denominada \u201cIMD\u201d, \u201cn\u00f3s\u201d, \u201cnosso\u201d ou \u201cnossos\u201d) est\u00e1 comprometida em proteger a privacidade dos<\/p>\n","protected":false},"author":1,"featured_media":0,"parent":0,"menu_order":0,"comment_status":"closed","ping_status":"closed","template":"elementor_header_footer","meta":{"_acf_changed":false,"footnotes":""},"class_list":["post-3008","page","type-page","status-publish","hentry"],"acf":[],"_links":{"self":[{"href":"https:\/\/imdconsultants.com\/pt-br\/wp-json\/wp\/v2\/pages\/3008","targetHints":{"allow":["GET"]}}],"collection":[{"href":"https:\/\/imdconsultants.com\/pt-br\/wp-json\/wp\/v2\/pages"}],"about":[{"href":"https:\/\/imdconsultants.com\/pt-br\/wp-json\/wp\/v2\/types\/page"}],"author":[{"embeddable":true,"href":"https:\/\/imdconsultants.com\/pt-br\/wp-json\/wp\/v2\/users\/1"}],"replies":[{"embeddable":true,"href":"https:\/\/imdconsultants.com\/pt-br\/wp-json\/wp\/v2\/comments?post=3008"}],"version-history":[{"count":4,"href":"https:\/\/imdconsultants.com\/pt-br\/wp-json\/wp\/v2\/pages\/3008\/revisions"}],"predecessor-version":[{"id":3012,"href":"https:\/\/imdconsultants.com\/pt-br\/wp-json\/wp\/v2\/pages\/3008\/revisions\/3012"}],"wp:attachment":[{"href":"https:\/\/imdconsultants.com\/pt-br\/wp-json\/wp\/v2\/media?parent=3008"}],"curies":[{"name":"wp","href":"https:\/\/api.w.org\/{rel}","templated":true}]}}